{"id":2,"date":"2021-04-11T10:48:57","date_gmt":"2021-04-11T13:48:57","guid":{"rendered":"http:\/\/danilogandin.com.br\/?page_id=2"},"modified":"2021-07-04T15:56:14","modified_gmt":"2021-07-04T18:56:14","slug":"pagina-exemplo","status":"publish","type":"page","link":"http:\/\/danilogandin.com.br\/?page_id=2","title":{"rendered":"Quem sou"},"content":{"rendered":"\n<p>Meu nome \u00e9 Danilo Gandin. Nasci no dia 2 de novembro de 1936, na cidade de Nova Trento (SC).<br>Sou o 2\u00ba dos 9 filhos de Luiz Gandin e Teresa Sartori Gandin. <br>Casei-me com Maria de Lourdes Martini Gandin e tivemos 3 filhos: Lu\u00eds Armando Gandin, Adriana Beatriz Gandin e Paulo Eduardo Gandin. <br>Sou av\u00f4 da Ilana, da Isabela e do Davi.<\/p>\n\n\n\n<p>Sou Educador e Mestre em Planejamento Participativo, Conferencista, Escritor e Assessor de Processos em Planejamento. <\/p>\n\n\n\n<p><strong>MINHA FORMA\u00c7\u00c3O<\/strong><\/p>\n\n\n\n<ul class=\"wp-block-list\"><li><strong>Licenciatura em Filosofia<\/strong>, pela <a href=\"http:\/\/www.ufrgs.br\/ufrgs\/inicial\">Universidade Federal do Rio Grande do Sul<\/a>, 1964.<\/li><li><strong>Licenciatura em Portugu\u00eas e Literaturas de L\u00edngua Portuguesa<\/strong>, pela mesma <a href=\"http:\/\/www.ufrgs.br\/ufrgs\/inicial\">Universidade<\/a>, 1967.<\/li><li><strong>Especializa\u00e7\u00e3o em Planejamento da Educa\u00e7\u00e3o<\/strong>, 720 horas, <a href=\"http:\/\/www.ufrgs.br\/ufrgs\/inicial\">SUDESUL-UFRGS<\/a>, 1970.<\/li><li><strong>Especializa\u00e7\u00e3o em Planejamento no Campo Social, Equipe Latino-Americana de Planejamento,<\/strong> 120 horas, 1975.<\/li><li><strong>Mestrado em Educa\u00e7\u00e3o (Concentra\u00e7\u00e3o: Planejamento)<\/strong>, pela <a href=\"http:\/\/www.ufrgs.br\/ufrgs\/inicial\">Universidade Federal do Rio Grande do Sul<\/a>, 1980.<\/li><\/ul>\n\n\n\n<p><\/p>\n\n\n\n<p><strong>MINHAS FUN\u00c7\u00d5ES ATUAIS<\/strong><\/p>\n\n\n\n<ul class=\"wp-block-list\"><li>Conferencista <\/li><li>Escritor<\/li><li>Coordenador de cursos de Planejamento para institui\u00e7\u00f5es sem fim lucrativo, \u00f3rg\u00e3os governamentais e movimentos sociais<\/li><li>Coordenador de cursos com temas ligados \u00e0 educa\u00e7\u00e3o<\/li><li>Assessor de processos de planejamento de institui\u00e7\u00f5es, grupos e movimentos, especialmente escolas nos v\u00e1rios n\u00edveis de ensino, secretarias municipais de educa\u00e7\u00e3o, prov\u00edncias religiosas, par\u00f3quias, universidades.<\/li><li>Professor convidado para cursos de planejamento da educa\u00e7\u00e3o em universidades e institutos isolados de ensino superior<\/li><\/ul>\n","protected":false},"excerpt":{"rendered":"<p>Meu nome \u00e9 Danilo Gandin. Nasci no dia 2 de novembro de 1936, na cidade de Nova Trento (SC).Sou o 2\u00ba dos 9 filhos de Luiz Gandin e Teresa Sartori Gandin. Casei-me com Maria de Lourdes Martini Gandin e tivemos 3 filhos: Lu\u00eds Armando Gandin, Adriana Beatriz Gandin e Paulo Eduardo Gandin. Sou av\u00f4 da [&hellip;]<\/p>\n","protected":false},"author":1,"featured_media":0,"parent":0,"menu_order":0,"comment_status":"closed","ping_status":"open","template":"","meta":{"footnotes":""},"class_list":["post-2","page","type-page","status-publish","hentry"],"_links":{"self":[{"href":"http:\/\/danilogandin.com.br\/index.php?rest_route=\/wp\/v2\/pages\/2","targetHints":{"allow":["GET"]}}],"collection":[{"href":"http:\/\/danilogandin.com.br\/index.php?rest_route=\/wp\/v2\/pages"}],"about":[{"href":"http:\/\/danilogandin.com.br\/index.php?rest_route=\/wp\/v2\/types\/page"}],"author":[{"embeddable":true,"href":"http:\/\/danilogandin.com.br\/index.php?rest_route=\/wp\/v2\/users\/1"}],"replies":[{"embeddable":true,"href":"http:\/\/danilogandin.com.br\/index.php?rest_route=%2Fwp%2Fv2%2Fcomments&post=2"}],"version-history":[{"count":6,"href":"http:\/\/danilogandin.com.br\/index.php?rest_route=\/wp\/v2\/pages\/2\/revisions"}],"predecessor-version":[{"id":589,"href":"http:\/\/danilogandin.com.br\/index.php?rest_route=\/wp\/v2\/pages\/2\/revisions\/589"}],"wp:attachment":[{"href":"http:\/\/danilogandin.com.br\/index.php?rest_route=%2Fwp%2Fv2%2Fmedia&parent=2"}],"curies":[{"name":"wp","href":"https:\/\/api.w.org\/{rel}","templated":true}]}}